{"id":438,"date":"2025-10-29T16:35:21","date_gmt":"2025-10-29T19:35:21","guid":{"rendered":"https:\/\/ervamateilomate.com.br\/?page_id=438"},"modified":"2025-11-05T15:24:25","modified_gmt":"2025-11-05T18:24:25","slug":"sobre-nos","status":"publish","type":"page","link":"https:\/\/ervamateilomate.com.br\/index.php\/sobre-nos\/","title":{"rendered":"Sobre N\u00f3s"},"content":{"rendered":"\t\t<div data-elementor-type=\"wp-page\" data-elementor-id=\"438\" class=\"elementor elementor-438\" data-elementor-post-type=\"page\">\n\t\t\t\t<div class=\"elementor-element elementor-element-5a4f14c6 e-flex e-con-boxed e-con e-parent\" data-id=\"5a4f14c6\" data-element_type=\"container\" data-settings=\"{&quot;background_background&quot;:&quot;classic&quot;}\">\n\t\t\t\t\t<div class=\"e-con-inner\">\n\t\t\t\t<div class=\"elementor-element elementor-element-31de8535 elementor-widget elementor-widget-heading\" data-id=\"31de8535\" data-element_type=\"widget\" data-widget_type=\"heading.default\">\n\t\t\t\t<div class=\"elementor-widget-container\">\n\t\t\t\t\t<h1 class=\"elementor-heading-title elementor-size-default\">Sobre N\u00f3s<\/h1>\t\t\t\t<\/div>\n\t\t\t\t<\/div>\n\t\t\t\t\t<\/div>\n\t\t\t\t<\/div>\n\t\t<div class=\"elementor-element elementor-element-c8bc2de e-flex e-con-boxed e-con e-parent\" data-id=\"c8bc2de\" data-element_type=\"container\">\n\t\t\t\t\t<div class=\"e-con-inner\">\n\t\t<div class=\"elementor-element elementor-element-28dcaa0 e-con-full e-flex e-con e-child\" data-id=\"28dcaa0\" data-element_type=\"container\" data-settings=\"{&quot;background_background&quot;:&quot;classic&quot;}\">\n\t\t<div class=\"elementor-element elementor-element-f44f9e9 e-flex e-con-boxed e-con e-child\" data-id=\"f44f9e9\" data-element_type=\"container\">\n\t\t\t\t\t<div class=\"e-con-inner\">\n\t\t<div class=\"elementor-element elementor-element-6684df7 e-con-full animated-fast e-flex elementor-invisible e-con e-child\" data-id=\"6684df7\" data-element_type=\"container\" data-settings=\"{&quot;animation&quot;:&quot;fadeIn&quot;,&quot;animation_delay&quot;:500}\">\n\t\t\t\t<div class=\"elementor-element elementor-element-c4bb071 elementor-widget elementor-widget-image\" data-id=\"c4bb071\" data-element_type=\"widget\" data-widget_type=\"image.default\">\n\t\t\t\t<div class=\"elementor-widget-container\">\n\t\t\t\t\t\t\t\t\t\t\t\t\t\t\t<img fetchpriority=\"high\" decoding=\"async\" width=\"387\" height=\"516\" src=\"https:\/\/ervamateilomate.com.br\/wp-content\/uploads\/2025\/10\/IMG-20170110-WA0032.jpg\" class=\"attachment-full size-full wp-image-333\" alt=\"\" srcset=\"https:\/\/ervamateilomate.com.br\/wp-content\/uploads\/2025\/10\/IMG-20170110-WA0032.jpg 387w, https:\/\/ervamateilomate.com.br\/wp-content\/uploads\/2025\/10\/IMG-20170110-WA0032-200x267.jpg 200w\" sizes=\"(max-width: 387px) 100vw, 387px\" \/>\t\t\t\t\t\t\t\t\t\t\t\t\t\t\t<\/div>\n\t\t\t\t<\/div>\n\t\t\t\t<div class=\"elementor-element elementor-element-57111fe elementor-widget elementor-widget-image\" data-id=\"57111fe\" data-element_type=\"widget\" data-widget_type=\"image.default\">\n\t\t\t\t<div class=\"elementor-widget-container\">\n\t\t\t\t\t\t\t\t\t\t\t\t\t\t\t<img decoding=\"async\" width=\"600\" height=\"428\" data-src=\"https:\/\/ervamateilomate.com.br\/wp-content\/uploads\/2025\/10\/MG_9167.jpg\" class=\"attachment-full size-full wp-image-312 lazyload\" alt=\"\" data-srcset=\"https:\/\/ervamateilomate.com.br\/wp-content\/uploads\/2025\/10\/MG_9167.jpg 600w, https:\/\/ervamateilomate.com.br\/wp-content\/uploads\/2025\/10\/MG_9167-200x143.jpg 200w\" data-sizes=\"(max-width: 600px) 100vw, 600px\" src=\"data:image\/svg+xml;base64,PHN2ZyB3aWR0aD0iMSIgaGVpZ2h0PSIxIiB4bWxucz0iaHR0cDovL3d3dy53My5vcmcvMjAwMC9zdmciPjwvc3ZnPg==\" style=\"--smush-placeholder-width: 600px; --smush-placeholder-aspect-ratio: 600\/428;\" \/>\t\t\t\t\t\t\t\t\t\t\t\t\t\t\t<\/div>\n\t\t\t\t<\/div>\n\t\t\t\t<\/div>\n\t\t<div class=\"elementor-element elementor-element-46931ab e-con-full animated-fast e-flex elementor-invisible e-con e-child\" data-id=\"46931ab\" data-element_type=\"container\" data-settings=\"{&quot;animation&quot;:&quot;fadeIn&quot;,&quot;animation_delay&quot;:750}\">\n\t\t\t\t<div class=\"elementor-element elementor-element-1c0d044 elementor-widget elementor-widget-heading\" data-id=\"1c0d044\" data-element_type=\"widget\" data-widget_type=\"heading.default\">\n\t\t\t\t<div class=\"elementor-widget-container\">\n\t\t\t\t\t<p class=\"elementor-heading-title elementor-size-default\">Sobre N\u00f3s<\/p>\t\t\t\t<\/div>\n\t\t\t\t<\/div>\n\t\t\t\t<div class=\"elementor-element elementor-element-fa14f74 elementor-widget__width-inherit elementor-widget elementor-widget-heading\" data-id=\"fa14f74\" data-element_type=\"widget\" data-widget_type=\"heading.default\">\n\t\t\t\t<div class=\"elementor-widget-container\">\n\t\t\t\t\t<h1 class=\"elementor-heading-title elementor-size-default\">A empresa<\/h1>\t\t\t\t<\/div>\n\t\t\t\t<\/div>\n\t\t\t\t<div class=\"elementor-element elementor-element-06f483c elementor-widget__width-initial elementor-widget elementor-widget-heading\" data-id=\"06f483c\" data-element_type=\"widget\" data-widget_type=\"heading.default\">\n\t\t\t\t<div class=\"elementor-widget-container\">\n\t\t\t\t\t<p class=\"elementor-heading-title elementor-size-default\">Criada com amizade de seus fundadores, onde foca cultivo e produ\u00e7\u00e3o familiar. Leva em seu nome uma referencia ao munic\u00edpio de Il\u00f3polis, terra da erva mate e entrega em seu produto o sabor com o gosto e aroma da sua regi\u00e3o.<\/p>\t\t\t\t<\/div>\n\t\t\t\t<\/div>\n\t\t<div class=\"elementor-element elementor-element-12bba1d e-grid e-con-boxed e-con e-child\" data-id=\"12bba1d\" data-element_type=\"container\">\n\t\t\t\t\t<div class=\"e-con-inner\">\n\t\t\t\t<div class=\"elementor-element elementor-element-b0b27b4 elementor-widget elementor-widget-icon-box\" data-id=\"b0b27b4\" data-element_type=\"widget\" data-widget_type=\"icon-box.default\">\n\t\t\t\t<div class=\"elementor-widget-container\">\n\t\t\t\t\t\t\t<div class=\"elementor-icon-box-wrapper\">\n\n\t\t\t\n\t\t\t\t\t\t<div class=\"elementor-icon-box-content\">\n\n\t\t\t\t\t\t\t\t\t<h6 class=\"elementor-icon-box-title\">\n\t\t\t\t\t\t<span  >\n\t\t\t\t\t\t\tOrigem e Amizade\t\t\t\t\t\t<\/span>\n\t\t\t\t\t<\/h6>\n\t\t\t\t\n\t\t\t\t\t\t\t\t\t<p class=\"elementor-icon-box-description\">\n\t\t\t\t\t\tNascida da amizade entre seus fundadores, a Ilomate carrega em cada detalhe o esp\u00edrito familiar e o compromisso com a qualidade.\t\t\t\t\t<\/p>\n\t\t\t\t\n\t\t\t<\/div>\n\t\t\t\n\t\t<\/div>\n\t\t\t\t\t\t<\/div>\n\t\t\t\t<\/div>\n\t\t\t\t<div class=\"elementor-element elementor-element-51e493e elementor-widget elementor-widget-icon-box\" data-id=\"51e493e\" data-element_type=\"widget\" data-widget_type=\"icon-box.default\">\n\t\t\t\t<div class=\"elementor-widget-container\">\n\t\t\t\t\t\t\t<div class=\"elementor-icon-box-wrapper\">\n\n\t\t\t\n\t\t\t\t\t\t<div class=\"elementor-icon-box-content\">\n\n\t\t\t\t\t\t\t\t\t<h6 class=\"elementor-icon-box-title\">\n\t\t\t\t\t\t<span  >\n\t\t\t\t\t\t\tCultivo Familiar\t\t\t\t\t\t<\/span>\n\t\t\t\t\t<\/h6>\n\t\t\t\t\n\t\t\t\t\t\t\t\t\t<p class=\"elementor-icon-box-description\">\n\t\t\t\t\t\tNosso trabalho \u00e9 baseado em cultivo pr\u00f3prio e produ\u00e7\u00e3o familiar, respeitando o tempo da natureza e a tradi\u00e7\u00e3o da erva-mate artesanal.\t\t\t\t\t<\/p>\n\t\t\t\t\n\t\t\t<\/div>\n\t\t\t\n\t\t<\/div>\n\t\t\t\t\t\t<\/div>\n\t\t\t\t<\/div>\n\t\t\t\t<div class=\"elementor-element elementor-element-63ff450 elementor-widget elementor-widget-icon-box\" data-id=\"63ff450\" data-element_type=\"widget\" data-widget_type=\"icon-box.default\">\n\t\t\t\t<div class=\"elementor-widget-container\">\n\t\t\t\t\t\t\t<div class=\"elementor-icon-box-wrapper\">\n\n\t\t\t\n\t\t\t\t\t\t<div class=\"elementor-icon-box-content\">\n\n\t\t\t\t\t\t\t\t\t<h6 class=\"elementor-icon-box-title\">\n\t\t\t\t\t\t<span  >\n\t\t\t\t\t\t\tRaiz em Il\u00f3polis\t\t\t\t\t\t<\/span>\n\t\t\t\t\t<\/h6>\n\t\t\t\t\n\t\t\t\t\t\t\t\t\t<p class=\"elementor-icon-box-description\">\n\t\t\t\t\t\tO nome Ilomate \u00e9 uma homenagem a Il\u00f3polis \u2014 terra da erva-mate \u2014 e inspira\u00e7\u00e3o para levar ao mundo o sabor da nossa regi\u00e3o.\t\t\t\t\t<\/p>\n\t\t\t\t\n\t\t\t<\/div>\n\t\t\t\n\t\t<\/div>\n\t\t\t\t\t\t<\/div>\n\t\t\t\t<\/div>\n\t\t\t\t<div class=\"elementor-element elementor-element-ccae5ff elementor-widget elementor-widget-icon-box\" data-id=\"ccae5ff\" data-element_type=\"widget\" data-widget_type=\"icon-box.default\">\n\t\t\t\t<div class=\"elementor-widget-container\">\n\t\t\t\t\t\t\t<div class=\"elementor-icon-box-wrapper\">\n\n\t\t\t\n\t\t\t\t\t\t<div class=\"elementor-icon-box-content\">\n\n\t\t\t\t\t\t\t\t\t<h6 class=\"elementor-icon-box-title\">\n\t\t\t\t\t\t<span  >\n\t\t\t\t\t\t\tSabor da Nossa Terra\t\t\t\t\t\t<\/span>\n\t\t\t\t\t<\/h6>\n\t\t\t\t\n\t\t\t\t\t\t\t\t\t<p class=\"elementor-icon-box-description\">\n\t\t\t\t\t\tEm cada cuia, o sabor, o aroma e a pureza que traduzem o amor pelo campo e o orgulho da nossa origem ga\u00facha.\t\t\t\t\t<\/p>\n\t\t\t\t\n\t\t\t<\/div>\n\t\t\t\n\t\t<\/div>\n\t\t\t\t\t\t<\/div>\n\t\t\t\t<\/div>\n\t\t\t\t\t<\/div>\n\t\t\t\t<\/div>\n\t\t\t\t<\/div>\n\t\t\t\t\t<\/div>\n\t\t\t\t<\/div>\n\t\t\t\t<\/div>\n\t\t\t\t\t<\/div>\n\t\t\t\t<\/div>\n\t\t<div class=\"elementor-element elementor-element-36a64a7c e-flex e-con-boxed e-con e-parent\" data-id=\"36a64a7c\" data-element_type=\"container\" data-settings=\"{&quot;background_background&quot;:&quot;classic&quot;}\">\n\t\t\t\t\t<div class=\"e-con-inner\">\n\t\t<div class=\"elementor-element elementor-element-52afa522 e-con-full e-flex e-con e-child\" data-id=\"52afa522\" data-element_type=\"container\">\n\t\t\t\t<div class=\"elementor-element elementor-element-eefa487 elementor-widget elementor-widget-video\" data-id=\"eefa487\" data-element_type=\"widget\" data-settings=\"{&quot;video_type&quot;:&quot;hosted&quot;,&quot;autoplay&quot;:&quot;yes&quot;,&quot;loop&quot;:&quot;yes&quot;,&quot;controls&quot;:&quot;yes&quot;}\" data-widget_type=\"video.default\">\n\t\t\t\t<div class=\"elementor-widget-container\">\n\t\t\t\t\t\t\t<div class=\"e-hosted-video elementor-wrapper elementor-open-inline\">\n\t\t\t\t\t<video class=\"elementor-video\" src=\"https:\/\/ervamateilomate.com.br\/wp-content\/uploads\/2025\/10\/video.webm\" autoplay=\"\" loop=\"\" controls=\"\" controlsList=\"nodownload\"><\/video>\n\t\t\t\t<\/div>\n\t\t\t\t\t\t<\/div>\n\t\t\t\t<\/div>\n\t\t\t\t<\/div>\n\t\t\t\t\t<\/div>\n\t\t\t\t<\/div>\n\t\t\t\t<\/div>\n\t\t","protected":false},"excerpt":{"rendered":"<p>Sobre N\u00f3s Sobre N\u00f3s A empresa Criada com amizade de seus fundadores, onde foca cultivo e produ\u00e7\u00e3o familiar. Leva em seu nome uma referencia ao munic\u00edpio de Il\u00f3polis, terra da erva mate e entrega em seu produto o sabor com o gosto e aroma da sua regi\u00e3o. Origem e Amizade Nascida da amizade entre seus [&hellip;]<\/p>\n","protected":false},"author":1,"featured_media":0,"parent":0,"menu_order":0,"comment_status":"closed","ping_status":"closed","template":"elementor_header_footer","meta":{"footnotes":""},"class_list":["post-438","page","type-page","status-publish","hentry"],"yoast_head":"<!-- This site is optimized with the Yoast SEO Premium plugin v26.2 (Yoast SEO v26.2) - https:\/\/yoast.com\/wordpress\/plugins\/seo\/ -->\n<title>Sobre N\u00f3s - Erva Mate Ilomate<\/title>\n<meta name=\"robots\" content=\"index, follow, max-snippet:-1, max-image-preview:large, max-video-preview:-1\" \/>\n<link rel=\"canonical\" href=\"https:\/\/ervamateilomate.com.br\/index.php\/sobre-nos\/\" \/>\n<meta property=\"og:locale\" content=\"pt_BR\" \/>\n<meta property=\"og:type\" content=\"article\" \/>\n<meta property=\"og:title\" content=\"Sobre N\u00f3s\" \/>\n<meta property=\"og:description\" content=\"Sobre N\u00f3s Sobre N\u00f3s A empresa Criada com amizade de seus fundadores, onde foca cultivo e produ\u00e7\u00e3o familiar. Leva em seu nome uma referencia ao munic\u00edpio de Il\u00f3polis, terra da erva mate e entrega em seu produto o sabor com o gosto e aroma da sua regi\u00e3o. Origem e Amizade Nascida da amizade entre seus [&hellip;]\" \/>\n<meta property=\"og:url\" content=\"https:\/\/ervamateilomate.com.br\/index.php\/sobre-nos\/\" \/>\n<meta property=\"og:site_name\" content=\"Erva Mate Ilomate\" \/>\n<meta property=\"article:modified_time\" content=\"2025-11-05T18:24:25+00:00\" \/>\n<meta property=\"og:image\" content=\"https:\/\/ervamateilomate.com.br\/wp-content\/uploads\/2025\/10\/IMG-20170110-WA0032.jpg\" \/>\n\t<meta property=\"og:image:width\" content=\"387\" \/>\n\t<meta property=\"og:image:height\" content=\"516\" \/>\n\t<meta property=\"og:image:type\" content=\"image\/jpeg\" \/>\n<meta name=\"twitter:card\" content=\"summary_large_image\" \/>\n<meta name=\"twitter:label1\" content=\"Est. tempo de leitura\" \/>\n\t<meta name=\"twitter:data1\" content=\"1 minuto\" \/>\n<script type=\"application\/ld+json\" class=\"yoast-schema-graph\">{\"@context\":\"https:\/\/schema.org\",\"@graph\":[{\"@type\":\"WebPage\",\"@id\":\"https:\/\/ervamateilomate.com.br\/index.php\/sobre-nos\/\",\"url\":\"https:\/\/ervamateilomate.com.br\/index.php\/sobre-nos\/\",\"name\":\"Sobre N\u00f3s - Erva Mate Ilomate\",\"isPartOf\":{\"@id\":\"https:\/\/ervamateilomate.com.br\/#website\"},\"primaryImageOfPage\":{\"@id\":\"https:\/\/ervamateilomate.com.br\/index.php\/sobre-nos\/#primaryimage\"},\"image\":{\"@id\":\"https:\/\/ervamateilomate.com.br\/index.php\/sobre-nos\/#primaryimage\"},\"thumbnailUrl\":\"https:\/\/ervamateilomate.com.br\/wp-content\/uploads\/2025\/10\/IMG-20170110-WA0032.jpg\",\"datePublished\":\"2025-10-29T19:35:21+00:00\",\"dateModified\":\"2025-11-05T18:24:25+00:00\",\"breadcrumb\":{\"@id\":\"https:\/\/ervamateilomate.com.br\/index.php\/sobre-nos\/#breadcrumb\"},\"inLanguage\":\"pt-BR\",\"potentialAction\":[{\"@type\":\"ReadAction\",\"target\":[\"https:\/\/ervamateilomate.com.br\/index.php\/sobre-nos\/\"]}]},{\"@type\":\"ImageObject\",\"inLanguage\":\"pt-BR\",\"@id\":\"https:\/\/ervamateilomate.com.br\/index.php\/sobre-nos\/#primaryimage\",\"url\":\"https:\/\/ervamateilomate.com.br\/wp-content\/uploads\/2025\/10\/IMG-20170110-WA0032.jpg\",\"contentUrl\":\"https:\/\/ervamateilomate.com.br\/wp-content\/uploads\/2025\/10\/IMG-20170110-WA0032.jpg\",\"width\":387,\"height\":516},{\"@type\":\"BreadcrumbList\",\"@id\":\"https:\/\/ervamateilomate.com.br\/index.php\/sobre-nos\/#breadcrumb\",\"itemListElement\":[{\"@type\":\"ListItem\",\"position\":1,\"name\":\"Home\",\"item\":\"https:\/\/ervamateilomate.com.br\/\"},{\"@type\":\"ListItem\",\"position\":2,\"name\":\"Sobre N\u00f3s\"}]},{\"@type\":\"WebSite\",\"@id\":\"https:\/\/ervamateilomate.com.br\/#website\",\"url\":\"https:\/\/ervamateilomate.com.br\/\",\"name\":\"Erva Mate Ilomate\",\"description\":\"A Ilomate produz e distribui erva-mate premium do sul do Brasil, cultivada com tradi\u00e7\u00e3o familiar e qualidade reconhecida.\",\"publisher\":{\"@id\":\"https:\/\/ervamateilomate.com.br\/#organization\"},\"alternateName\":\"Ilomate\",\"potentialAction\":[{\"@type\":\"SearchAction\",\"target\":{\"@type\":\"EntryPoint\",\"urlTemplate\":\"https:\/\/ervamateilomate.com.br\/?s={search_term_string}\"},\"query-input\":{\"@type\":\"PropertyValueSpecification\",\"valueRequired\":true,\"valueName\":\"search_term_string\"}}],\"inLanguage\":\"pt-BR\"},{\"@type\":\"Organization\",\"@id\":\"https:\/\/ervamateilomate.com.br\/#organization\",\"name\":\"Erva Mate Ilomate\",\"url\":\"https:\/\/ervamateilomate.com.br\/\",\"logo\":{\"@type\":\"ImageObject\",\"inLanguage\":\"pt-BR\",\"@id\":\"https:\/\/ervamateilomate.com.br\/#\/schema\/logo\/image\/\",\"url\":\"https:\/\/ervamateilomate.com.br\/wp-content\/uploads\/2025\/10\/android-chrome-512x512-1.png\",\"contentUrl\":\"https:\/\/ervamateilomate.com.br\/wp-content\/uploads\/2025\/10\/android-chrome-512x512-1.png\",\"width\":512,\"height\":512,\"caption\":\"Erva Mate Ilomate\"},\"image\":{\"@id\":\"https:\/\/ervamateilomate.com.br\/#\/schema\/logo\/image\/\"},\"publishingPrinciples\":\"https:\/\/ervamateilomate.com.br\/\",\"ownershipFundingInfo\":\"https:\/\/ervamateilomate.com.br\/index.php\/contato\/\",\"actionableFeedbackPolicy\":\"https:\/\/ervamateilomate.com.br\/index.php\/contato\/\"}]}<\/script>\n<!-- \/ Yoast SEO Premium plugin. -->","yoast_head_json":{"title":"Sobre N\u00f3s - Erva Mate Ilomate","robots":{"index":"index","follow":"follow","max-snippet":"max-snippet:-1","max-image-preview":"max-image-preview:large","max-video-preview":"max-video-preview:-1"},"canonical":"https:\/\/ervamateilomate.com.br\/index.php\/sobre-nos\/","og_locale":"pt_BR","og_type":"article","og_title":"Sobre N\u00f3s","og_description":"Sobre N\u00f3s Sobre N\u00f3s A empresa Criada com amizade de seus fundadores, onde foca cultivo e produ\u00e7\u00e3o familiar. Leva em seu nome uma referencia ao munic\u00edpio de Il\u00f3polis, terra da erva mate e entrega em seu produto o sabor com o gosto e aroma da sua regi\u00e3o. Origem e Amizade Nascida da amizade entre seus [&hellip;]","og_url":"https:\/\/ervamateilomate.com.br\/index.php\/sobre-nos\/","og_site_name":"Erva Mate Ilomate","article_modified_time":"2025-11-05T18:24:25+00:00","og_image":[{"width":387,"height":516,"url":"https:\/\/ervamateilomate.com.br\/wp-content\/uploads\/2025\/10\/IMG-20170110-WA0032.jpg","type":"image\/jpeg"}],"twitter_card":"summary_large_image","twitter_misc":{"Est. tempo de leitura":"1 minuto"},"schema":{"@context":"https:\/\/schema.org","@graph":[{"@type":"WebPage","@id":"https:\/\/ervamateilomate.com.br\/index.php\/sobre-nos\/","url":"https:\/\/ervamateilomate.com.br\/index.php\/sobre-nos\/","name":"Sobre N\u00f3s - Erva Mate Ilomate","isPartOf":{"@id":"https:\/\/ervamateilomate.com.br\/#website"},"primaryImageOfPage":{"@id":"https:\/\/ervamateilomate.com.br\/index.php\/sobre-nos\/#primaryimage"},"image":{"@id":"https:\/\/ervamateilomate.com.br\/index.php\/sobre-nos\/#primaryimage"},"thumbnailUrl":"https:\/\/ervamateilomate.com.br\/wp-content\/uploads\/2025\/10\/IMG-20170110-WA0032.jpg","datePublished":"2025-10-29T19:35:21+00:00","dateModified":"2025-11-05T18:24:25+00:00","breadcrumb":{"@id":"https:\/\/ervamateilomate.com.br\/index.php\/sobre-nos\/#breadcrumb"},"inLanguage":"pt-BR","potentialAction":[{"@type":"ReadAction","target":["https:\/\/ervamateilomate.com.br\/index.php\/sobre-nos\/"]}]},{"@type":"ImageObject","inLanguage":"pt-BR","@id":"https:\/\/ervamateilomate.com.br\/index.php\/sobre-nos\/#primaryimage","url":"https:\/\/ervamateilomate.com.br\/wp-content\/uploads\/2025\/10\/IMG-20170110-WA0032.jpg","contentUrl":"https:\/\/ervamateilomate.com.br\/wp-content\/uploads\/2025\/10\/IMG-20170110-WA0032.jpg","width":387,"height":516},{"@type":"BreadcrumbList","@id":"https:\/\/ervamateilomate.com.br\/index.php\/sobre-nos\/#breadcrumb","itemListElement":[{"@type":"ListItem","position":1,"name":"Home","item":"https:\/\/ervamateilomate.com.br\/"},{"@type":"ListItem","position":2,"name":"Sobre N\u00f3s"}]},{"@type":"WebSite","@id":"https:\/\/ervamateilomate.com.br\/#website","url":"https:\/\/ervamateilomate.com.br\/","name":"Erva Mate Ilomate","description":"A Ilomate produz e distribui erva-mate premium do sul do Brasil, cultivada com tradi\u00e7\u00e3o familiar e qualidade reconhecida.","publisher":{"@id":"https:\/\/ervamateilomate.com.br\/#organization"},"alternateName":"Ilomate","potentialAction":[{"@type":"SearchAction","target":{"@type":"EntryPoint","urlTemplate":"https:\/\/ervamateilomate.com.br\/?s={search_term_string}"},"query-input":{"@type":"PropertyValueSpecification","valueRequired":true,"valueName":"search_term_string"}}],"inLanguage":"pt-BR"},{"@type":"Organization","@id":"https:\/\/ervamateilomate.com.br\/#organization","name":"Erva Mate Ilomate","url":"https:\/\/ervamateilomate.com.br\/","logo":{"@type":"ImageObject","inLanguage":"pt-BR","@id":"https:\/\/ervamateilomate.com.br\/#\/schema\/logo\/image\/","url":"https:\/\/ervamateilomate.com.br\/wp-content\/uploads\/2025\/10\/android-chrome-512x512-1.png","contentUrl":"https:\/\/ervamateilomate.com.br\/wp-content\/uploads\/2025\/10\/android-chrome-512x512-1.png","width":512,"height":512,"caption":"Erva Mate Ilomate"},"image":{"@id":"https:\/\/ervamateilomate.com.br\/#\/schema\/logo\/image\/"},"publishingPrinciples":"https:\/\/ervamateilomate.com.br\/","ownershipFundingInfo":"https:\/\/ervamateilomate.com.br\/index.php\/contato\/","actionableFeedbackPolicy":"https:\/\/ervamateilomate.com.br\/index.php\/contato\/"}]}},"_links":{"self":[{"href":"https:\/\/ervamateilomate.com.br\/index.php\/wp-json\/wp\/v2\/pages\/438","targetHints":{"allow":["GET"]}}],"collection":[{"href":"https:\/\/ervamateilomate.com.br\/index.php\/wp-json\/wp\/v2\/pages"}],"about":[{"href":"https:\/\/ervamateilomate.com.br\/index.php\/wp-json\/wp\/v2\/types\/page"}],"author":[{"embeddable":true,"href":"https:\/\/ervamateilomate.com.br\/index.php\/wp-json\/wp\/v2\/users\/1"}],"replies":[{"embeddable":true,"href":"https:\/\/ervamateilomate.com.br\/index.php\/wp-json\/wp\/v2\/comments?post=438"}],"version-history":[{"count":0,"href":"https:\/\/ervamateilomate.com.br\/index.php\/wp-json\/wp\/v2\/pages\/438\/revisions"}],"wp:attachment":[{"href":"https:\/\/ervamateilomate.com.br\/index.php\/wp-json\/wp\/v2\/media?parent=438"}],"curies":[{"name":"wp","href":"https:\/\/api.w.org\/{rel}","templated":true}]}}